{"id":11,"date":"2021-05-13T05:31:27","date_gmt":"2021-05-13T05:31:27","guid":{"rendered":"http:\/\/3dmatcis.com\/?page_id=11"},"modified":"2025-05-21T20:07:39","modified_gmt":"2025-05-21T20:07:39","slug":"about","status":"publish","type":"page","link":"https:\/\/3dmatcis.com\/","title":{"rendered":"Quem Somos"},"content":{"rendered":"\n<div class=\"inherit-container-width wp-container-2 wp-block-group alignfull has-background\" style=\"background-color:#1a537f;border-radius:5px;border-style:none;border-width:0px\"><div class=\"wp-block-group__inner-container\">\n<div class=\"wp-container-1 wp-block-group alignwide\"><div class=\"wp-block-group__inner-container\">\n<div class=\"wp-block-media-text alignwide is-stacked-on-mobile is-vertically-aligned-center has-background\" style=\"background-color:#1a537f;grid-template-columns:30% auto\"><figure class=\"wp-block-media-text__media\"><img loading=\"lazy\" width=\"1024\" height=\"1024\" src=\"https:\/\/3dmatcis.com\/wp-content\/uploads\/2025\/05\/Imagem-do-WhatsApp-de-2025-05-21-as-16.28.09_9183955a-1024x1024.jpg\" alt=\"\" class=\"wp-image-598 size-large\" srcset=\"https:\/\/3dmatcis.com\/wp-content\/uploads\/2025\/05\/Imagem-do-WhatsApp-de-2025-05-21-as-16.28.09_9183955a.jpg 1024w, https:\/\/3dmatcis.com\/wp-content\/uploads\/2025\/05\/Imagem-do-WhatsApp-de-2025-05-21-as-16.28.09_9183955a-300x300.jpg 300w, https:\/\/3dmatcis.com\/wp-content\/uploads\/2025\/05\/Imagem-do-WhatsApp-de-2025-05-21-as-16.28.09_9183955a-150x150.jpg 150w, https:\/\/3dmatcis.com\/wp-content\/uploads\/2025\/05\/Imagem-do-WhatsApp-de-2025-05-21-as-16.28.09_9183955a-768x768.jpg 768w\" sizes=\"(max-width: 1024px) 100vw, 1024px\" \/><\/figure><div class=\"wp-block-media-text__content\">\n<p class=\"has-ast-global-color-5-color has-text-color\" style=\"font-size:17px\">A 3DMatCIS \u00e9 uma deep tech brasileira fundada em 2023 como uma spin-off do Instituto Nacional de Tecnologia e atua na integra\u00e7\u00e3o entre materiais avan\u00e7ados, simula\u00e7\u00e3o computacional, manufatura aditiva e Digital Twins.<\/p>\n\n\n\n<p class=\"has-ast-global-color-5-color has-text-color\" style=\"font-size:17px\">Oferecemos solu\u00e7\u00f5es para modelagem 3D, simula\u00e7\u00f5es, manufatura aditiva e p\u00f3s-processamento em metais, pol\u00edmeros e comp\u00f3sitos. Desenvolvemos componentes com geometrias complexas e estruturas otimizadas, voltados para aplica\u00e7\u00f5es em energia, mobilidade sustent\u00e1vel e sa\u00fade. Nosso Digital Twin conecta modelos f\u00edsicos a dados em tempo real, otimizando o desempenho de sistemas ao longo do ciclo de vida.<\/p>\n\n\n\n<p class=\"has-ast-global-color-5-color has-text-color\" style=\"font-size:17px\">Com foco em inova\u00e7\u00e3o aberta, colaboramos com centros de pesquisa, ind\u00fastria e governo para acelerar o desenvolvimento de produtos escal\u00e1veis e sustent\u00e1veis, alinhados \u00e0s metas de transi\u00e7\u00e3o energ\u00e9tica e digitaliza\u00e7\u00e3o da manufatura.<\/p>\n<\/div><\/div>\n<\/div><\/div>\n<\/div><\/div>\n\n\n\n<div class=\"inherit-container-width wp-container-10 wp-block-group alignfull has-ast-global-color-5-background-color has-background\"><div class=\"wp-block-group__inner-container\">\n<h2 class=\"has-text-align-center\">Nosso time<\/h2>\n\n\n\n<div class=\"wp-container-9 wp-block-columns alignwide\">\n<div class=\"wp-container-8 wp-block-column\">\n<div class=\"wp-container-7 wp-block-columns alignwide\">\n<div class=\"wp-container-3 wp-block-column\">\n<figure class=\"wp-block-image aligncenter size-large is-resized is-style-rounded\"><img loading=\"lazy\" src=\"https:\/\/3dmatcis.com\/wp-content\/uploads\/2023\/07\/cris-1-edited.jpg\" alt=\"\" class=\"wp-image-558\" width=\"200\" height=\"200\" srcset=\"https:\/\/3dmatcis.com\/wp-content\/uploads\/2023\/07\/cris-1-edited.jpg 1773w, https:\/\/3dmatcis.com\/wp-content\/uploads\/2023\/07\/cris-1-edited-300x300.jpg 300w, https:\/\/3dmatcis.com\/wp-content\/uploads\/2023\/07\/cris-1-edited-1024x1024.jpg 1024w, https:\/\/3dmatcis.com\/wp-content\/uploads\/2023\/07\/cris-1-edited-150x150.jpg 150w, https:\/\/3dmatcis.com\/wp-content\/uploads\/2023\/07\/cris-1-edited-768x768.jpg 768w, https:\/\/3dmatcis.com\/wp-content\/uploads\/2023\/07\/cris-1-edited-1536x1536.jpg 1536w\" sizes=\"(max-width: 200px) 100vw, 200px\" \/><\/figure>\n\n\n\n<h4 class=\"has-text-align-center\">Cristiane Evelise<\/h4>\n\n\n\n<p class=\"has-text-align-center\">P\u00f3s-Doutora em Eng. Metal\u00fargica e de Materiais. Expertise em caracteriza\u00e7\u00e3o de materiais manufatura aditiva<\/p>\n<\/div>\n\n\n\n<div class=\"wp-container-4 wp-block-column\">\n<figure class=\"wp-block-image aligncenter size-large is-resized is-style-rounded\" style=\"border-radius:0px\"><img loading=\"lazy\" src=\"https:\/\/3dmatcis.com\/wp-content\/uploads\/2023\/07\/joan-edited.jpg\" alt=\"\" class=\"wp-image-561\" width=\"200\" height=\"200\" srcset=\"https:\/\/3dmatcis.com\/wp-content\/uploads\/2023\/07\/joan-edited.jpg 1584w, https:\/\/3dmatcis.com\/wp-content\/uploads\/2023\/07\/joan-edited-300x300.jpg 300w, https:\/\/3dmatcis.com\/wp-content\/uploads\/2023\/07\/joan-edited-1024x1024.jpg 1024w, https:\/\/3dmatcis.com\/wp-content\/uploads\/2023\/07\/joan-edited-150x150.jpg 150w, https:\/\/3dmatcis.com\/wp-content\/uploads\/2023\/07\/joan-edited-768x768.jpg 768w, https:\/\/3dmatcis.com\/wp-content\/uploads\/2023\/07\/joan-edited-1536x1536.jpg 1536w\" sizes=\"(max-width: 200px) 100vw, 200px\" \/><\/figure>\n\n\n\n<h4 class=\"has-text-align-center\">Joan O&#8217;Connor<\/h4>\n\n\n\n<p class=\"has-text-align-center\">P\u00f3s-Doutor em Eng. Mec\u00e2nica. Expertise na \u00e1rea de simula\u00e7\u00e3o computacional multif\u00edsica<\/p>\n<\/div>\n\n\n\n<div class=\"wp-container-5 wp-block-column\">\n<figure class=\"wp-block-image aligncenter size-large is-resized is-style-rounded\"><img loading=\"lazy\" src=\"https:\/\/3dmatcis.com\/wp-content\/uploads\/2023\/07\/guido-edited-1-scaled.jpg\" alt=\"\" class=\"wp-image-564\" width=\"200\" height=\"200\" srcset=\"https:\/\/3dmatcis.com\/wp-content\/uploads\/2023\/07\/guido-edited-1-scaled.jpg 2560w, https:\/\/3dmatcis.com\/wp-content\/uploads\/2023\/07\/guido-edited-1-300x300.jpg 300w, https:\/\/3dmatcis.com\/wp-content\/uploads\/2023\/07\/guido-edited-1-1024x1024.jpg 1024w, https:\/\/3dmatcis.com\/wp-content\/uploads\/2023\/07\/guido-edited-1-150x150.jpg 150w, https:\/\/3dmatcis.com\/wp-content\/uploads\/2023\/07\/guido-edited-1-768x767.jpg 768w, https:\/\/3dmatcis.com\/wp-content\/uploads\/2023\/07\/guido-edited-1-1536x1536.jpg 1536w, https:\/\/3dmatcis.com\/wp-content\/uploads\/2023\/07\/guido-edited-1-2048x2046.jpg 2048w\" sizes=\"(max-width: 200px) 100vw, 200px\" \/><\/figure>\n\n\n\n<h4 class=\"has-text-align-center\">Guido Gra\u00e7a<\/h4>\n\n\n\n<p class=\"has-text-align-center\">Mestre em Eng. Mec\u00e2nica. Experiente em\u00a0 modelagem CAD, processamento de imagens, e simula\u00e7\u00e3o computacional<\/p>\n<\/div>\n\n\n\n<div class=\"wp-container-6 wp-block-column\">\n<figure class=\"wp-block-image aligncenter size-large is-resized is-style-rounded\"><img loading=\"lazy\" src=\"https:\/\/3dmatcis.com\/wp-content\/uploads\/2023\/07\/lucas-edited-1.jpg\" alt=\"\" class=\"wp-image-579\" width=\"200\" height=\"200\" srcset=\"https:\/\/3dmatcis.com\/wp-content\/uploads\/2023\/07\/lucas-edited-1.jpg 899w, https:\/\/3dmatcis.com\/wp-content\/uploads\/2023\/07\/lucas-edited-1-300x300.jpg 300w, https:\/\/3dmatcis.com\/wp-content\/uploads\/2023\/07\/lucas-edited-1-150x150.jpg 150w, https:\/\/3dmatcis.com\/wp-content\/uploads\/2023\/07\/lucas-edited-1-768x770.jpg 768w\" sizes=\"(max-width: 200px) 100vw, 200px\" \/><\/figure>\n\n\n\n<h4 class=\"has-text-align-center\">Lucas Barbosa<\/h4>\n\n\n\n<p class=\"has-text-align-center\">Graduado em Eng. de Controle e Automa\u00e7\u00e3o e Mestrando em Eng. da Computa\u00e7\u00e3o. Expertise em Intelig\u00eancia Artificial<\/p>\n<\/div>\n<\/div>\n<\/div>\n<\/div>\n<\/div><\/div>\n","protected":false},"excerpt":{"rendered":"<p>A 3DMatCIS \u00e9 uma deep tech brasileira fundada em 2023 como uma spin-off do Instituto Nacional de Tecnologia e atua na integra\u00e7\u00e3o entre materiais avan\u00e7ados, simula\u00e7\u00e3o computacional, manufatura aditiva e Digital Twins. Oferecemos solu\u00e7\u00f5es para modelagem 3D, simula\u00e7\u00f5es, manufatura aditiva e p\u00f3s-processamento em metais, pol\u00edmeros e comp\u00f3sitos. Desenvolvemos componentes com geometrias complexas e estruturas otimizadas, &hellip;<\/p>\n<p class=\"read-more\"> <a class=\"\" href=\"https:\/\/3dmatcis.com\/\"> <span class=\"screen-reader-text\">Quem Somos<\/span> Read More &raquo;<\/a><\/p>\n","protected":false},"author":1,"featured_media":0,"parent":0,"menu_order":0,"comment_status":"closed","ping_status":"closed","template":"","meta":{"om_disable_all_campaigns":false,"_monsterinsights_skip_tracking":false,"_monsterinsights_sitenote_active":false,"_monsterinsights_sitenote_note":"","_monsterinsights_sitenote_category":0,"site-sidebar-layout":"no-sidebar","site-content-layout":"plain-container","ast-global-header-display":"","ast-main-header-display":"","ast-hfb-above-header-display":"","ast-hfb-below-header-display":"","ast-hfb-mobile-header-display":"","site-post-title":"disabled","ast-breadcrumbs-content":"","ast-featured-img":"","footer-sml-layout":"","theme-transparent-header-meta":"enabled","adv-header-id-meta":"","stick-header-meta":"","header-above-stick-meta":"","header-main-stick-meta":"","header-below-stick-meta":""},"_links":{"self":[{"href":"https:\/\/3dmatcis.com\/index.php?rest_route=\/wp\/v2\/pages\/11"}],"collection":[{"href":"https:\/\/3dmatcis.com\/index.php?rest_route=\/wp\/v2\/pages"}],"about":[{"href":"https:\/\/3dmatcis.com\/index.php?rest_route=\/wp\/v2\/types\/page"}],"author":[{"embeddable":true,"href":"https:\/\/3dmatcis.com\/index.php?rest_route=\/wp\/v2\/users\/1"}],"replies":[{"embeddable":true,"href":"https:\/\/3dmatcis.com\/index.php?rest_route=%2Fwp%2Fv2%2Fcomments&post=11"}],"version-history":[{"count":60,"href":"https:\/\/3dmatcis.com\/index.php?rest_route=\/wp\/v2\/pages\/11\/revisions"}],"predecessor-version":[{"id":603,"href":"https:\/\/3dmatcis.com\/index.php?rest_route=\/wp\/v2\/pages\/11\/revisions\/603"}],"wp:attachment":[{"href":"https:\/\/3dmatcis.com\/index.php?rest_route=%2Fwp%2Fv2%2Fmedia&parent=11"}],"curies":[{"name":"wp","href":"https:\/\/api.w.org\/{rel}","templated":true}]}}